{"id":382,"date":"2022-06-07T06:59:23","date_gmt":"2022-06-07T06:59:23","guid":{"rendered":"https:\/\/eastcorner.be\/ambiance-decontractee\/"},"modified":"2023-04-15T08:53:56","modified_gmt":"2023-04-15T08:53:56","slug":"ambiance-decontractee","status":"publish","type":"page","link":"https:\/\/eastcorner.be\/fr\/ambiance-decontractee\/","title":{"rendered":"Ambiance decontractee"},"content":{"rendered":"\t\t<div data-elementor-type=\"wp-page\" data-elementor-id=\"382\" class=\"elementor elementor-382 elementor-14\" data-elementor-post-type=\"page\">\n\t\t\t\t\t\t<section class=\"elementor-section elementor-top-section elementor-element elementor-element-5232a20 elementor-section-height-min-height elementor-section-items-bottom elementor-section-boxed elementor-section-height-default\" data-id=\"5232a20\" data-element_type=\"section\" data-e-type=\"section\" data-settings=\"{&quot;background_background&quot;:&quot;classic&quot;}\">\n\t\t\t\t\t\t\t<div class=\"elementor-background-overlay\"><\/div>\n\t\t\t\t\t\t\t<div class=\"elementor-container elementor-column-gap-default\">\n\t\t\t\t\t<div class=\"elementor-column elementor-col-100 elementor-top-column elementor-element elementor-element-56ddadb\" data-id=\"56ddadb\" data-element_type=\"column\" data-e-type=\"column\">\n\t\t\t<div class=\"elementor-widget-wrap elementor-element-populated\">\n\t\t\t\t\t\t<div class=\"elementor-element elementor-element-c8f66d2 elementor-invisible elementor-widget elementor-widget-heading\" data-id=\"c8f66d2\" data-element_type=\"widget\" data-e-type=\"widget\" data-settings=\"{&quot;_animation&quot;:&quot;fadeInUp&quot;}\" data-widget_type=\"heading.default\">\n\t\t\t\t<div class=\"elementor-widget-container\">\n\t\t\t\t\t<h1 class=\"elementor-heading-title elementor-size-default\">Ambiance decontractee<\/h1>\t\t\t\t<\/div>\n\t\t\t\t<\/div>\n\t\t\t\t\t<\/div>\n\t\t<\/div>\n\t\t\t\t\t<\/div>\n\t\t<\/section>\n\t\t\t\t<section class=\"elementor-section elementor-top-section elementor-element elementor-element-55d47958 elementor-section-boxed elementor-section-height-default elementor-section-height-default\" data-id=\"55d47958\" data-element_type=\"section\" data-e-type=\"section\">\n\t\t\t\t\t\t<div class=\"elementor-container elementor-column-gap-default\">\n\t\t\t\t\t<div class=\"elementor-column elementor-col-50 elementor-top-column elementor-element elementor-element-174a5750 elementor-invisible\" data-id=\"174a5750\" data-element_type=\"column\" data-e-type=\"column\" data-settings=\"{&quot;animation&quot;:&quot;fadeInLeft&quot;,&quot;animation_mobile&quot;:&quot;fadeIn&quot;}\">\n\t\t\t<div class=\"elementor-widget-wrap elementor-element-populated\">\n\t\t\t\t\t\t<div class=\"elementor-element elementor-element-ade22c5 elementor-widget elementor-widget-text-editor\" data-id=\"ade22c5\" data-element_type=\"widget\" data-e-type=\"widget\" data-widget_type=\"text-editor.default\">\n\t\t\t\t<div class=\"elementor-widget-container\">\n\t\t\t\t\t\t\t\t\t<p>Chez East Corner, vous pouvez d\u00e9guster. Tous nos plats sont pr\u00e9par\u00e9s avec le plus grand soin et avec des produits frais du march\u00e9. Vous \u00eates le bienvenu le midi comme le soir pour un d\u00e9jeuner, d\u00eener ou des tapas.<\/p>\n\t\t\t\t\t\t\t\t<\/div>\n\t\t\t\t<\/div>\n\t\t\t\t<div class=\"elementor-element elementor-element-3ff701aa elementor-widget-divider--view-line elementor-widget elementor-widget-divider\" data-id=\"3ff701aa\" data-element_type=\"widget\" data-e-type=\"widget\" data-widget_type=\"divider.default\">\n\t\t\t\t<div class=\"elementor-widget-container\">\n\t\t\t\t\t\t\t<div class=\"elementor-divider\">\n\t\t\t<span class=\"elementor-divider-separator\">\n\t\t\t\t\t\t<\/span>\n\t\t<\/div>\n\t\t\t\t\t\t<\/div>\n\t\t\t\t<\/div>\n\t\t\t\t<div class=\"elementor-element elementor-element-4e65bfdd elementor-widget elementor-widget-heading\" data-id=\"4e65bfdd\" data-element_type=\"widget\" data-e-type=\"widget\" data-widget_type=\"heading.default\">\n\t\t\t\t<div class=\"elementor-widget-container\">\n\t\t\t\t\t<h4 class=\"elementor-heading-title elementor-size-default\">Un service impeccable et une ambiance chaleureuse font que vous vous sentiez chez vous. Venez nous voir et savourer le soleil dans votre assiette!<\/h4>\t\t\t\t<\/div>\n\t\t\t\t<\/div>\n\t\t\t\t<div class=\"elementor-element elementor-element-11152bde elementor-widget__width-auto elementor-widget elementor-widget-button\" data-id=\"11152bde\" data-element_type=\"widget\" data-e-type=\"widget\" data-widget_type=\"button.default\">\n\t\t\t\t<div class=\"elementor-widget-container\">\n\t\t\t\t\t\t\t\t\t<div class=\"elementor-button-wrapper\">\n\t\t\t\t\t<a class=\"elementor-button elementor-button-link elementor-size-sm\" href=\"https:\/\/eastcorner.be\/fr\/reservez\/\">\n\t\t\t\t\t\t<span class=\"elementor-button-content-wrapper\">\n\t\t\t\t\t\t\t\t\t<span class=\"elementor-button-text\">R\u00e9servez<\/span>\n\t\t\t\t\t<\/span>\n\t\t\t\t\t<\/a>\n\t\t\t\t<\/div>\n\t\t\t\t\t\t\t\t<\/div>\n\t\t\t\t<\/div>\n\t\t\t\t<div class=\"elementor-element elementor-element-5f998610 elementor-widget__width-auto elementor-widget elementor-widget-button\" data-id=\"5f998610\" data-element_type=\"widget\" data-e-type=\"widget\" data-widget_type=\"button.default\">\n\t\t\t\t<div class=\"elementor-widget-container\">\n\t\t\t\t\t\t\t\t\t<div class=\"elementor-button-wrapper\">\n\t\t\t\t\t<a class=\"elementor-button elementor-button-link elementor-size-sm\" href=\"https:\/\/eastcorner.be\/fr\/carte\/\">\n\t\t\t\t\t\t<span class=\"elementor-button-content-wrapper\">\n\t\t\t\t\t\t\t\t\t<span class=\"elementor-button-text\">Carte<\/span>\n\t\t\t\t\t<\/span>\n\t\t\t\t\t<\/a>\n\t\t\t\t<\/div>\n\t\t\t\t\t\t\t\t<\/div>\n\t\t\t\t<\/div>\n\t\t\t\t\t<\/div>\n\t\t<\/div>\n\t\t\t\t<div class=\"elementor-column elementor-col-50 elementor-top-column elementor-element elementor-element-4fe1fda elementor-invisible\" data-id=\"4fe1fda\" data-element_type=\"column\" data-e-type=\"column\" data-settings=\"{&quot;animation&quot;:&quot;fadeInRight&quot;,&quot;animation_mobile&quot;:&quot;fadeInUp&quot;}\">\n\t\t\t<div class=\"elementor-widget-wrap elementor-element-populated\">\n\t\t\t\t\t\t<div class=\"elementor-element elementor-element-2e9ec1b3 elementor-widget elementor-widget-image\" data-id=\"2e9ec1b3\" data-element_type=\"widget\" data-e-type=\"widget\" data-widget_type=\"image.default\">\n\t\t\t\t<div class=\"elementor-widget-container\">\n\t\t\t\t\t\t\t\t\t\t\t\t\t\t\t<img fetchpriority=\"high\" decoding=\"async\" width=\"683\" height=\"1024\" src=\"https:\/\/eastcorner.be\/wp-content\/uploads\/2022\/05\/Eastcorner-interior-1-683x1024.jpg\" class=\"attachment-large size-large wp-image-366\" alt=\"\" srcset=\"https:\/\/eastcorner.be\/wp-content\/uploads\/2022\/05\/Eastcorner-interior-1-683x1024.jpg 683w, https:\/\/eastcorner.be\/wp-content\/uploads\/2022\/05\/Eastcorner-interior-1-200x300.jpg 200w, https:\/\/eastcorner.be\/wp-content\/uploads\/2022\/05\/Eastcorner-interior-1-768x1152.jpg 768w, https:\/\/eastcorner.be\/wp-content\/uploads\/2022\/05\/Eastcorner-interior-1-1024x1536.jpg 1024w, https:\/\/eastcorner.be\/wp-content\/uploads\/2022\/05\/Eastcorner-interior-1.jpg 1200w\" sizes=\"(max-width: 683px) 100vw, 683px\" \/>\t\t\t\t\t\t\t\t\t\t\t\t\t\t\t<\/div>\n\t\t\t\t<\/div>\n\t\t\t\t\t<\/div>\n\t\t<\/div>\n\t\t\t\t\t<\/div>\n\t\t<\/section>\n\t\t\t\t<section class=\"elementor-section elementor-top-section elementor-element elementor-element-213067e3 elementor-reverse-mobile elementor-section-boxed elementor-section-height-default elementor-section-height-default\" data-id=\"213067e3\" data-element_type=\"section\" data-e-type=\"section\" id=\"scroll\">\n\t\t\t\t\t\t<div class=\"elementor-container elementor-column-gap-default\">\n\t\t\t\t\t<div class=\"elementor-column elementor-col-50 elementor-top-column elementor-element elementor-element-85f78c2 elementor-invisible\" data-id=\"85f78c2\" data-element_type=\"column\" data-e-type=\"column\" data-settings=\"{&quot;animation&quot;:&quot;fadeInLeft&quot;,&quot;animation_mobile&quot;:&quot;slideInUp&quot;}\">\n\t\t\t<div class=\"elementor-widget-wrap elementor-element-populated\">\n\t\t\t\t\t\t<div class=\"elementor-element elementor-element-7fc68b0f elementor-widget elementor-widget-image\" data-id=\"7fc68b0f\" data-element_type=\"widget\" data-e-type=\"widget\" data-widget_type=\"image.default\">\n\t\t\t\t<div class=\"elementor-widget-container\">\n\t\t\t\t\t\t\t\t\t\t\t\t\t\t\t<img decoding=\"async\" width=\"800\" height=\"534\" src=\"https:\/\/eastcorner.be\/wp-content\/uploads\/2022\/05\/Eastcorner-interior-4-1024x683.jpg\" class=\"attachment-large size-large wp-image-369\" alt=\"\" srcset=\"https:\/\/eastcorner.be\/wp-content\/uploads\/2022\/05\/Eastcorner-interior-4-1024x683.jpg 1024w, https:\/\/eastcorner.be\/wp-content\/uploads\/2022\/05\/Eastcorner-interior-4-300x200.jpg 300w, https:\/\/eastcorner.be\/wp-content\/uploads\/2022\/05\/Eastcorner-interior-4-768x512.jpg 768w, https:\/\/eastcorner.be\/wp-content\/uploads\/2022\/05\/Eastcorner-interior-4-1536x1024.jpg 1536w, https:\/\/eastcorner.be\/wp-content\/uploads\/2022\/05\/Eastcorner-interior-4.jpg 1800w\" sizes=\"(max-width: 800px) 100vw, 800px\" \/>\t\t\t\t\t\t\t\t\t\t\t\t\t\t\t<\/div>\n\t\t\t\t<\/div>\n\t\t\t\t<div class=\"elementor-element elementor-element-6afa196b elementor-widget elementor-widget-heading\" data-id=\"6afa196b\" data-element_type=\"widget\" data-e-type=\"widget\" data-widget_type=\"heading.default\">\n\t\t\t\t<div class=\"elementor-widget-container\">\n\t\t\t\t\t<p class=\"elementor-heading-title elementor-size-default\">East Corner est votre restaurant avec salon \u2018lounge\u2019 dans le \u00ab Oosthoek \u00bb pour des tapas, lunch et d\u00eener. Venez d\u00e9guster nos plats dans un atmosph\u00e8re agr\u00e9able dans un cadre chaleureux. <\/p>\t\t\t\t<\/div>\n\t\t\t\t<\/div>\n\t\t\t\t\t<\/div>\n\t\t<\/div>\n\t\t\t\t<div class=\"elementor-column elementor-col-50 elementor-top-column elementor-element elementor-element-259126e7 elementor-invisible\" data-id=\"259126e7\" data-element_type=\"column\" data-e-type=\"column\" data-settings=\"{&quot;animation&quot;:&quot;fadeInRight&quot;,&quot;animation_mobile&quot;:&quot;fadeIn&quot;}\">\n\t\t\t<div class=\"elementor-widget-wrap elementor-element-populated\">\n\t\t\t\t\t\t<div class=\"elementor-element elementor-element-580a19aa elementor-widget elementor-widget-heading\" data-id=\"580a19aa\" data-element_type=\"widget\" data-e-type=\"widget\" data-widget_type=\"heading.default\">\n\t\t\t\t<div class=\"elementor-widget-container\">\n\t\t\t\t\t<h3 class=\"elementor-heading-title elementor-size-default\">Leentje vous accueille dans son restaurant plein d\u2019ambiance au c\u0153ur de Knokke.<\/h3>\t\t\t\t<\/div>\n\t\t\t\t<\/div>\n\t\t\t\t<div class=\"elementor-element elementor-element-4428cf85 elementor-widget elementor-widget-image\" data-id=\"4428cf85\" data-element_type=\"widget\" data-e-type=\"widget\" data-widget_type=\"image.default\">\n\t\t\t\t<div class=\"elementor-widget-container\">\n\t\t\t\t\t\t\t\t\t\t\t\t\t\t\t<img decoding=\"async\" width=\"800\" height=\"534\" src=\"https:\/\/eastcorner.be\/wp-content\/uploads\/2022\/05\/Eastcorner-exterior-2-1024x683.jpg\" class=\"attachment-large size-large wp-image-365\" alt=\"\" srcset=\"https:\/\/eastcorner.be\/wp-content\/uploads\/2022\/05\/Eastcorner-exterior-2-1024x683.jpg 1024w, https:\/\/eastcorner.be\/wp-content\/uploads\/2022\/05\/Eastcorner-exterior-2-300x200.jpg 300w, https:\/\/eastcorner.be\/wp-content\/uploads\/2022\/05\/Eastcorner-exterior-2-768x512.jpg 768w, https:\/\/eastcorner.be\/wp-content\/uploads\/2022\/05\/Eastcorner-exterior-2-1536x1024.jpg 1536w, https:\/\/eastcorner.be\/wp-content\/uploads\/2022\/05\/Eastcorner-exterior-2.jpg 1800w\" sizes=\"(max-width: 800px) 100vw, 800px\" \/>\t\t\t\t\t\t\t\t\t\t\t\t\t\t\t<\/div>\n\t\t\t\t<\/div>\n\t\t\t\t\t<\/div>\n\t\t<\/div>\n\t\t\t\t\t<\/div>\n\t\t<\/section>\n\t\t\t\t<\/div>\n\t\t","protected":false},"excerpt":{"rendered":"<p>Chez East Corner, vous pouvez d\u00e9guster. Tous nos plats sont pr\u00e9par\u00e9s avec le plus grand soin et avec des produits frais du march\u00e9. Vous \u00eates le bienvenu le midi comme le soir pour un d\u00e9jeuner, d\u00eener ou des tapas. Un service impeccable et une ambiance chaleureuse font que vous vous sentiez chez vous. Venez nous [&hellip;]<\/p>\n","protected":false},"author":1,"featured_media":0,"parent":0,"menu_order":0,"comment_status":"closed","ping_status":"closed","template":"","meta":{"footnotes":""},"class_list":["post-382","page","type-page","status-publish","hentry"],"yoast_head":"<!-- This site is optimized with the Yoast SEO plugin v26.9 - https:\/\/yoast.com\/product\/yoast-seo-wordpress\/ -->\n<title>Ambiance decontractee - East Corner te Knokke<\/title>\n<meta name=\"description\" content=\"Bij East Corner kunt u genieten. U kunt zowel \u2019s middags als \u2018s avonds bij East Corner terecht voor een lunch, diner of tapas tussendoor.\" \/>\n<meta name=\"robots\" content=\"index, follow, max-snippet:-1, max-image-preview:large, max-video-preview:-1\" \/>\n<link rel=\"canonical\" href=\"https:\/\/eastcorner.be\/ongedwongen-sfeer\/\" \/>\n<meta property=\"og:locale\" content=\"fr_FR\" \/>\n<meta property=\"og:type\" content=\"article\" \/>\n<meta property=\"og:title\" content=\"Ambiance decontractee - East Corner te Knokke\" \/>\n<meta property=\"og:description\" content=\"Bij East Corner kunt u genieten. U kunt zowel \u2019s middags als \u2018s avonds bij East Corner terecht voor een lunch, diner of tapas tussendoor.\" \/>\n<meta property=\"og:url\" content=\"https:\/\/eastcorner.be\/ongedwongen-sfeer\/\" \/>\n<meta property=\"og:site_name\" content=\"East Corner\" \/>\n<meta property=\"article:modified_time\" content=\"2023-04-15T08:53:56+00:00\" \/>\n<meta property=\"og:image\" content=\"https:\/\/eastcorner.be\/wp-content\/uploads\/2022\/05\/Eastcorner-interior-1-683x1024.jpg\" \/>\n<meta name=\"twitter:card\" content=\"summary_large_image\" \/>\n<meta name=\"twitter:label1\" content=\"Dur\u00e9e de lecture est.\" \/>\n\t<meta name=\"twitter:data1\" content=\"2 minutes\" \/>\n<script type=\"application\/ld+json\" class=\"yoast-schema-graph\">{\"@context\":\"https:\/\/schema.org\",\"@graph\":[{\"@type\":\"WebPage\",\"@id\":\"https:\/\/eastcorner.be\/ongedwongen-sfeer\/\",\"url\":\"https:\/\/eastcorner.be\/ongedwongen-sfeer\/\",\"name\":\"Ambiance decontractee - East Corner te Knokke\",\"isPartOf\":{\"@id\":\"https:\/\/eastcorner.be\/#website\"},\"primaryImageOfPage\":{\"@id\":\"https:\/\/eastcorner.be\/ongedwongen-sfeer\/#primaryimage\"},\"image\":{\"@id\":\"https:\/\/eastcorner.be\/ongedwongen-sfeer\/#primaryimage\"},\"thumbnailUrl\":\"https:\/\/eastcorner.be\/wp-content\/uploads\/2022\/05\/Eastcorner-interior-1-683x1024.jpg\",\"datePublished\":\"2022-06-07T06:59:23+00:00\",\"dateModified\":\"2023-04-15T08:53:56+00:00\",\"description\":\"Bij East Corner kunt u genieten. U kunt zowel \u2019s middags als \u2018s avonds bij East Corner terecht voor een lunch, diner of tapas tussendoor.\",\"breadcrumb\":{\"@id\":\"https:\/\/eastcorner.be\/ongedwongen-sfeer\/#breadcrumb\"},\"inLanguage\":\"fr-BE\",\"potentialAction\":[{\"@type\":\"ReadAction\",\"target\":[\"https:\/\/eastcorner.be\/ongedwongen-sfeer\/\"]}]},{\"@type\":\"ImageObject\",\"inLanguage\":\"fr-BE\",\"@id\":\"https:\/\/eastcorner.be\/ongedwongen-sfeer\/#primaryimage\",\"url\":\"https:\/\/eastcorner.be\/wp-content\/uploads\/2022\/05\/Eastcorner-interior-1-683x1024.jpg\",\"contentUrl\":\"https:\/\/eastcorner.be\/wp-content\/uploads\/2022\/05\/Eastcorner-interior-1-683x1024.jpg\"},{\"@type\":\"BreadcrumbList\",\"@id\":\"https:\/\/eastcorner.be\/ongedwongen-sfeer\/#breadcrumb\",\"itemListElement\":[{\"@type\":\"ListItem\",\"position\":1,\"name\":\"Home\",\"item\":\"https:\/\/eastcorner.be\/\"},{\"@type\":\"ListItem\",\"position\":2,\"name\":\"Ambiance decontractee\"}]},{\"@type\":\"WebSite\",\"@id\":\"https:\/\/eastcorner.be\/#website\",\"url\":\"https:\/\/eastcorner.be\/\",\"name\":\"East Corner\",\"description\":\"Tapas - lunch - diner\",\"publisher\":{\"@id\":\"https:\/\/eastcorner.be\/#organization\"},\"potentialAction\":[{\"@type\":\"SearchAction\",\"target\":{\"@type\":\"EntryPoint\",\"urlTemplate\":\"https:\/\/eastcorner.be\/?s={search_term_string}\"},\"query-input\":{\"@type\":\"PropertyValueSpecification\",\"valueRequired\":true,\"valueName\":\"search_term_string\"}}],\"inLanguage\":\"fr-BE\"},{\"@type\":\"Organization\",\"@id\":\"https:\/\/eastcorner.be\/#organization\",\"name\":\"East Corner\",\"url\":\"https:\/\/eastcorner.be\/\",\"logo\":{\"@type\":\"ImageObject\",\"inLanguage\":\"fr-BE\",\"@id\":\"https:\/\/eastcorner.be\/#\/schema\/logo\/image\/\",\"url\":\"https:\/\/eastcorner.be\/wp-content\/uploads\/2022\/05\/logo-east-Croner.jpg\",\"contentUrl\":\"https:\/\/eastcorner.be\/wp-content\/uploads\/2022\/05\/logo-east-Croner.jpg\",\"width\":790,\"height\":600,\"caption\":\"East Corner\"},\"image\":{\"@id\":\"https:\/\/eastcorner.be\/#\/schema\/logo\/image\/\"}}]}<\/script>\n<!-- \/ Yoast SEO plugin. -->","yoast_head_json":{"title":"Ambiance decontractee - East Corner te Knokke","description":"Bij East Corner kunt u genieten. U kunt zowel \u2019s middags als \u2018s avonds bij East Corner terecht voor een lunch, diner of tapas tussendoor.","robots":{"index":"index","follow":"follow","max-snippet":"max-snippet:-1","max-image-preview":"max-image-preview:large","max-video-preview":"max-video-preview:-1"},"canonical":"https:\/\/eastcorner.be\/ongedwongen-sfeer\/","og_locale":"fr_FR","og_type":"article","og_title":"Ambiance decontractee - East Corner te Knokke","og_description":"Bij East Corner kunt u genieten. U kunt zowel \u2019s middags als \u2018s avonds bij East Corner terecht voor een lunch, diner of tapas tussendoor.","og_url":"https:\/\/eastcorner.be\/ongedwongen-sfeer\/","og_site_name":"East Corner","article_modified_time":"2023-04-15T08:53:56+00:00","og_image":[{"url":"https:\/\/eastcorner.be\/wp-content\/uploads\/2022\/05\/Eastcorner-interior-1-683x1024.jpg","type":"","width":"","height":""}],"twitter_card":"summary_large_image","twitter_misc":{"Dur\u00e9e de lecture est.":"2 minutes"},"schema":{"@context":"https:\/\/schema.org","@graph":[{"@type":"WebPage","@id":"https:\/\/eastcorner.be\/ongedwongen-sfeer\/","url":"https:\/\/eastcorner.be\/ongedwongen-sfeer\/","name":"Ambiance decontractee - East Corner te Knokke","isPartOf":{"@id":"https:\/\/eastcorner.be\/#website"},"primaryImageOfPage":{"@id":"https:\/\/eastcorner.be\/ongedwongen-sfeer\/#primaryimage"},"image":{"@id":"https:\/\/eastcorner.be\/ongedwongen-sfeer\/#primaryimage"},"thumbnailUrl":"https:\/\/eastcorner.be\/wp-content\/uploads\/2022\/05\/Eastcorner-interior-1-683x1024.jpg","datePublished":"2022-06-07T06:59:23+00:00","dateModified":"2023-04-15T08:53:56+00:00","description":"Bij East Corner kunt u genieten. U kunt zowel \u2019s middags als \u2018s avonds bij East Corner terecht voor een lunch, diner of tapas tussendoor.","breadcrumb":{"@id":"https:\/\/eastcorner.be\/ongedwongen-sfeer\/#breadcrumb"},"inLanguage":"fr-BE","potentialAction":[{"@type":"ReadAction","target":["https:\/\/eastcorner.be\/ongedwongen-sfeer\/"]}]},{"@type":"ImageObject","inLanguage":"fr-BE","@id":"https:\/\/eastcorner.be\/ongedwongen-sfeer\/#primaryimage","url":"https:\/\/eastcorner.be\/wp-content\/uploads\/2022\/05\/Eastcorner-interior-1-683x1024.jpg","contentUrl":"https:\/\/eastcorner.be\/wp-content\/uploads\/2022\/05\/Eastcorner-interior-1-683x1024.jpg"},{"@type":"BreadcrumbList","@id":"https:\/\/eastcorner.be\/ongedwongen-sfeer\/#breadcrumb","itemListElement":[{"@type":"ListItem","position":1,"name":"Home","item":"https:\/\/eastcorner.be\/"},{"@type":"ListItem","position":2,"name":"Ambiance decontractee"}]},{"@type":"WebSite","@id":"https:\/\/eastcorner.be\/#website","url":"https:\/\/eastcorner.be\/","name":"East Corner","description":"Tapas - lunch - diner","publisher":{"@id":"https:\/\/eastcorner.be\/#organization"},"potentialAction":[{"@type":"SearchAction","target":{"@type":"EntryPoint","urlTemplate":"https:\/\/eastcorner.be\/?s={search_term_string}"},"query-input":{"@type":"PropertyValueSpecification","valueRequired":true,"valueName":"search_term_string"}}],"inLanguage":"fr-BE"},{"@type":"Organization","@id":"https:\/\/eastcorner.be\/#organization","name":"East Corner","url":"https:\/\/eastcorner.be\/","logo":{"@type":"ImageObject","inLanguage":"fr-BE","@id":"https:\/\/eastcorner.be\/#\/schema\/logo\/image\/","url":"https:\/\/eastcorner.be\/wp-content\/uploads\/2022\/05\/logo-east-Croner.jpg","contentUrl":"https:\/\/eastcorner.be\/wp-content\/uploads\/2022\/05\/logo-east-Croner.jpg","width":790,"height":600,"caption":"East Corner"},"image":{"@id":"https:\/\/eastcorner.be\/#\/schema\/logo\/image\/"}}]}},"_links":{"self":[{"href":"https:\/\/eastcorner.be\/fr\/wp-json\/wp\/v2\/pages\/382","targetHints":{"allow":["GET"]}}],"collection":[{"href":"https:\/\/eastcorner.be\/fr\/wp-json\/wp\/v2\/pages"}],"about":[{"href":"https:\/\/eastcorner.be\/fr\/wp-json\/wp\/v2\/types\/page"}],"author":[{"embeddable":true,"href":"https:\/\/eastcorner.be\/fr\/wp-json\/wp\/v2\/users\/1"}],"replies":[{"embeddable":true,"href":"https:\/\/eastcorner.be\/fr\/wp-json\/wp\/v2\/comments?post=382"}],"version-history":[{"count":9,"href":"https:\/\/eastcorner.be\/fr\/wp-json\/wp\/v2\/pages\/382\/revisions"}],"predecessor-version":[{"id":470,"href":"https:\/\/eastcorner.be\/fr\/wp-json\/wp\/v2\/pages\/382\/revisions\/470"}],"wp:attachment":[{"href":"https:\/\/eastcorner.be\/fr\/wp-json\/wp\/v2\/media?parent=382"}],"curies":[{"name":"wp","href":"https:\/\/api.w.org\/{rel}","templated":true}]}}